{"id":1378,"date":"2023-02-05T03:09:59","date_gmt":"2023-02-05T01:09:59","guid":{"rendered":"https:\/\/fleuriste-livry-gargan.fr\/?post_type=product&#038;p=1378"},"modified":"2025-03-26T11:58:10","modified_gmt":"2025-03-26T09:58:10","slug":"coeur-blanc","status":"publish","type":"product","link":"https:\/\/fleuriste-livry-gargan.fr\/?product=coeur-blanc","title":{"rendered":"Coeur"},"content":{"rendered":"<p>Composition piqu\u00e9e. Trois tailles vous sont propos\u00e9es :<\/p>\n<p>S = 45 cm \u00a0 \u00a0 \u00a0 \u00a0 \u00a0 \u00a0M = 55 cm \u00a0 \u00a0 \u00a0 \u00a0 \u00a0 \u00a0L = 65 cm<\/p>\n<p>Un c\u0153ur piqu\u00e9 est un hommage tr\u00e8s touchant et intime. Il symbolise l\u2019amour \u00e9ternel et la connexion profonde avec la personne disparue. Ce geste de deuil d\u00e9licat exprime \u00e0 la fois la douleur de la perte et l\u2019espoir de retrouver un jour cette personne dans nos souvenirs. En choisissant un c\u0153ur piqu\u00e9, vous offrez une fa\u00e7on \u00e9l\u00e9gante et pleine de sens de rendre hommage \u00e0 l\u2019\u00eatre cher, tout en apportant du r\u00e9confort \u00e0 ceux qui restent.<\/p>\n<p>Rappel \uff1a tout nos bouquets et compositions sont fait avec des fleurs de saison , les photos ne sont donc pas toujours contractuelle.<\/p>\n","protected":false},"excerpt":{"rendered":"<blockquote><p>&nbsp;<\/p><\/blockquote>\n","protected":false},"featured_media":1538,"template":"","meta":[],"product_brand":[],"product_cat":[28],"product_tag":[],"class_list":{"0":"post-1378","1":"product","2":"type-product","3":"status-publish","4":"has-post-thumbnail","6":"product_cat-deuil","8":"first","9":"instock","10":"taxable","11":"shipping-taxable","12":"purchasable","13":"product-type-variable"},"yoast_head":"<!-- This site is optimized with the Yoast SEO plugin v27.2 - https:\/\/yoast.com\/product\/yoast-seo-wordpress\/ -->\n<title>Coeur - Fleurs de mai 8<\/title>\n<meta name=\"description\" content=\"C&#039;est toujours tr\u00e8s difficile de perdre un proche... Nous vous accompagnons dans ce deuil et vous propose de d\u00e9couvrir notre large gamme de composition piqu\u00e9e sur mousse.\" \/>\n<meta name=\"robots\" content=\"index, follow, max-snippet:-1, max-image-preview:large, max-video-preview:-1\" \/>\n<link rel=\"canonical\" href=\"https:\/\/fleuriste-livry-gargan.fr\/?product=coeur-blanc\" \/>\n<meta property=\"og:locale\" content=\"fr_FR\" \/>\n<meta property=\"og:type\" content=\"article\" \/>\n<meta property=\"og:title\" content=\"Coeur - Fleurs de mai 8\" \/>\n<meta property=\"og:description\" content=\"C&#039;est toujours tr\u00e8s difficile de perdre un proche... Nous vous accompagnons dans ce deuil et vous propose de d\u00e9couvrir notre large gamme de composition piqu\u00e9e sur mousse.\" \/>\n<meta property=\"og:url\" content=\"https:\/\/fleuriste-livry-gargan.fr\/?product=coeur-blanc\" \/>\n<meta property=\"og:site_name\" content=\"Fleurs de mai 8\" \/>\n<meta property=\"article:modified_time\" content=\"2025-03-26T09:58:10+00:00\" \/>\n<meta property=\"og:image\" content=\"https:\/\/fleuriste-livry-gargan.fr\/wp-content\/uploads\/2023\/02\/IMG_3943-scaled.jpeg\" \/>\n\t<meta property=\"og:image:width\" content=\"1920\" \/>\n\t<meta property=\"og:image:height\" content=\"2560\" \/>\n\t<meta property=\"og:image:type\" content=\"image\/jpeg\" \/>\n<meta name=\"twitter:card\" content=\"summary_large_image\" \/>\n<meta name=\"twitter:label1\" content=\"Dur\u00e9e de lecture estim\u00e9e\" \/>\n\t<meta name=\"twitter:data1\" content=\"1 minute\" \/>\n<script type=\"application\/ld+json\" class=\"yoast-schema-graph\">{\"@context\":\"https:\/\/schema.org\",\"@graph\":[{\"@type\":\"WebPage\",\"@id\":\"https:\/\/fleuriste-livry-gargan.fr\/?product=coeur-blanc\",\"url\":\"https:\/\/fleuriste-livry-gargan.fr\/?product=coeur-blanc\",\"name\":\"Coeur - Fleurs de mai 8\",\"isPartOf\":{\"@id\":\"https:\/\/fleuriste-livry-gargan.fr\/#website\"},\"primaryImageOfPage\":{\"@id\":\"https:\/\/fleuriste-livry-gargan.fr\/?product=coeur-blanc#primaryimage\"},\"image\":{\"@id\":\"https:\/\/fleuriste-livry-gargan.fr\/?product=coeur-blanc#primaryimage\"},\"thumbnailUrl\":\"https:\/\/fleuriste-livry-gargan.fr\/wp-content\/uploads\/2023\/02\/IMG_3943-scaled.jpeg\",\"datePublished\":\"2023-02-05T01:09:59+00:00\",\"dateModified\":\"2025-03-26T09:58:10+00:00\",\"description\":\"C'est toujours tr\u00e8s difficile de perdre un proche... Nous vous accompagnons dans ce deuil et vous propose de d\u00e9couvrir notre large gamme de composition piqu\u00e9e sur mousse.\",\"breadcrumb\":{\"@id\":\"https:\/\/fleuriste-livry-gargan.fr\/?product=coeur-blanc#breadcrumb\"},\"inLanguage\":\"fr-FR\",\"potentialAction\":[{\"@type\":\"ReadAction\",\"target\":[\"https:\/\/fleuriste-livry-gargan.fr\/?product=coeur-blanc\"]}]},{\"@type\":\"ImageObject\",\"inLanguage\":\"fr-FR\",\"@id\":\"https:\/\/fleuriste-livry-gargan.fr\/?product=coeur-blanc#primaryimage\",\"url\":\"https:\/\/fleuriste-livry-gargan.fr\/wp-content\/uploads\/2023\/02\/IMG_3943-scaled.jpeg\",\"contentUrl\":\"https:\/\/fleuriste-livry-gargan.fr\/wp-content\/uploads\/2023\/02\/IMG_3943-scaled.jpeg\",\"width\":1920,\"height\":2560},{\"@type\":\"BreadcrumbList\",\"@id\":\"https:\/\/fleuriste-livry-gargan.fr\/?product=coeur-blanc#breadcrumb\",\"itemListElement\":[{\"@type\":\"ListItem\",\"position\":1,\"name\":\"Accueil\",\"item\":\"https:\/\/fleuriste-livry-gargan.fr\/\"},{\"@type\":\"ListItem\",\"position\":2,\"name\":\"Boutique\",\"item\":\"https:\/\/fleuriste-livry-gargan.fr\/?page_id=8\"},{\"@type\":\"ListItem\",\"position\":3,\"name\":\"Coeur\"}]},{\"@type\":\"WebSite\",\"@id\":\"https:\/\/fleuriste-livry-gargan.fr\/#website\",\"url\":\"https:\/\/fleuriste-livry-gargan.fr\/\",\"name\":\"Fleurs de mai 8\",\"description\":\"\",\"potentialAction\":[{\"@type\":\"SearchAction\",\"target\":{\"@type\":\"EntryPoint\",\"urlTemplate\":\"https:\/\/fleuriste-livry-gargan.fr\/?s={search_term_string}\"},\"query-input\":{\"@type\":\"PropertyValueSpecification\",\"valueRequired\":true,\"valueName\":\"search_term_string\"}}],\"inLanguage\":\"fr-FR\"}]}<\/script>\n<!-- \/ Yoast SEO plugin. -->","yoast_head_json":{"title":"Coeur - Fleurs de mai 8","description":"C'est toujours tr\u00e8s difficile de perdre un proche... Nous vous accompagnons dans ce deuil et vous propose de d\u00e9couvrir notre large gamme de composition piqu\u00e9e sur mousse.","robots":{"index":"index","follow":"follow","max-snippet":"max-snippet:-1","max-image-preview":"max-image-preview:large","max-video-preview":"max-video-preview:-1"},"canonical":"https:\/\/fleuriste-livry-gargan.fr\/?product=coeur-blanc","og_locale":"fr_FR","og_type":"article","og_title":"Coeur - Fleurs de mai 8","og_description":"C'est toujours tr\u00e8s difficile de perdre un proche... Nous vous accompagnons dans ce deuil et vous propose de d\u00e9couvrir notre large gamme de composition piqu\u00e9e sur mousse.","og_url":"https:\/\/fleuriste-livry-gargan.fr\/?product=coeur-blanc","og_site_name":"Fleurs de mai 8","article_modified_time":"2025-03-26T09:58:10+00:00","og_image":[{"width":1920,"height":2560,"url":"https:\/\/fleuriste-livry-gargan.fr\/wp-content\/uploads\/2023\/02\/IMG_3943-scaled.jpeg","type":"image\/jpeg"}],"twitter_card":"summary_large_image","twitter_misc":{"Dur\u00e9e de lecture estim\u00e9e":"1 minute"},"schema":{"@context":"https:\/\/schema.org","@graph":[{"@type":"WebPage","@id":"https:\/\/fleuriste-livry-gargan.fr\/?product=coeur-blanc","url":"https:\/\/fleuriste-livry-gargan.fr\/?product=coeur-blanc","name":"Coeur - Fleurs de mai 8","isPartOf":{"@id":"https:\/\/fleuriste-livry-gargan.fr\/#website"},"primaryImageOfPage":{"@id":"https:\/\/fleuriste-livry-gargan.fr\/?product=coeur-blanc#primaryimage"},"image":{"@id":"https:\/\/fleuriste-livry-gargan.fr\/?product=coeur-blanc#primaryimage"},"thumbnailUrl":"https:\/\/fleuriste-livry-gargan.fr\/wp-content\/uploads\/2023\/02\/IMG_3943-scaled.jpeg","datePublished":"2023-02-05T01:09:59+00:00","dateModified":"2025-03-26T09:58:10+00:00","description":"C'est toujours tr\u00e8s difficile de perdre un proche... Nous vous accompagnons dans ce deuil et vous propose de d\u00e9couvrir notre large gamme de composition piqu\u00e9e sur mousse.","breadcrumb":{"@id":"https:\/\/fleuriste-livry-gargan.fr\/?product=coeur-blanc#breadcrumb"},"inLanguage":"fr-FR","potentialAction":[{"@type":"ReadAction","target":["https:\/\/fleuriste-livry-gargan.fr\/?product=coeur-blanc"]}]},{"@type":"ImageObject","inLanguage":"fr-FR","@id":"https:\/\/fleuriste-livry-gargan.fr\/?product=coeur-blanc#primaryimage","url":"https:\/\/fleuriste-livry-gargan.fr\/wp-content\/uploads\/2023\/02\/IMG_3943-scaled.jpeg","contentUrl":"https:\/\/fleuriste-livry-gargan.fr\/wp-content\/uploads\/2023\/02\/IMG_3943-scaled.jpeg","width":1920,"height":2560},{"@type":"BreadcrumbList","@id":"https:\/\/fleuriste-livry-gargan.fr\/?product=coeur-blanc#breadcrumb","itemListElement":[{"@type":"ListItem","position":1,"name":"Accueil","item":"https:\/\/fleuriste-livry-gargan.fr\/"},{"@type":"ListItem","position":2,"name":"Boutique","item":"https:\/\/fleuriste-livry-gargan.fr\/?page_id=8"},{"@type":"ListItem","position":3,"name":"Coeur"}]},{"@type":"WebSite","@id":"https:\/\/fleuriste-livry-gargan.fr\/#website","url":"https:\/\/fleuriste-livry-gargan.fr\/","name":"Fleurs de mai 8","description":"","potentialAction":[{"@type":"SearchAction","target":{"@type":"EntryPoint","urlTemplate":"https:\/\/fleuriste-livry-gargan.fr\/?s={search_term_string}"},"query-input":{"@type":"PropertyValueSpecification","valueRequired":true,"valueName":"search_term_string"}}],"inLanguage":"fr-FR"}]}},"jetpack_sharing_enabled":true,"_links":{"self":[{"href":"https:\/\/fleuriste-livry-gargan.fr\/index.php?rest_route=\/wp\/v2\/product\/1378","targetHints":{"allow":["GET"]}}],"collection":[{"href":"https:\/\/fleuriste-livry-gargan.fr\/index.php?rest_route=\/wp\/v2\/product"}],"about":[{"href":"https:\/\/fleuriste-livry-gargan.fr\/index.php?rest_route=\/wp\/v2\/types\/product"}],"wp:featuredmedia":[{"embeddable":true,"href":"https:\/\/fleuriste-livry-gargan.fr\/index.php?rest_route=\/wp\/v2\/media\/1538"}],"wp:attachment":[{"href":"https:\/\/fleuriste-livry-gargan.fr\/index.php?rest_route=%2Fwp%2Fv2%2Fmedia&parent=1378"}],"wp:term":[{"taxonomy":"product_brand","embeddable":true,"href":"https:\/\/fleuriste-livry-gargan.fr\/index.php?rest_route=%2Fwp%2Fv2%2Fproduct_brand&post=1378"},{"taxonomy":"product_cat","embeddable":true,"href":"https:\/\/fleuriste-livry-gargan.fr\/index.php?rest_route=%2Fwp%2Fv2%2Fproduct_cat&post=1378"},{"taxonomy":"product_tag","embeddable":true,"href":"https:\/\/fleuriste-livry-gargan.fr\/index.php?rest_route=%2Fwp%2Fv2%2Fproduct_tag&post=1378"}],"curies":[{"name":"wp","href":"https:\/\/api.w.org\/{rel}","templated":true}]}}