{"id":1561,"date":"2025-03-15T12:03:10","date_gmt":"2025-03-15T10:03:10","guid":{"rendered":"https:\/\/fleuriste-livry-gargan.fr\/?post_type=product&#038;p=1561"},"modified":"2025-03-26T12:44:04","modified_gmt":"2025-03-26T10:44:04","slug":"bouquet-de-marie-rouge-et-blanc","status":"publish","type":"product","link":"https:\/\/fleuriste-livry-gargan.fr\/?product=bouquet-de-marie-rouge-et-blanc","title":{"rendered":"Bouquet de mari\u00e9 rouge et blanc\u00a0"},"content":{"rendered":"<blockquote><p>Un bouquet de mari\u00e9e est bien plus qu\u2019un simple arrangement floral, c\u2019est un symbole de l\u2019amour et du bonheur partag\u00e9. Il accompagne la mari\u00e9e tout au long de cette journ\u00e9e unique, ajoutant une touche d\u2019\u00e9l\u00e9gance et de charme \u00e0 sa tenue. Choisir un bouquet personnalis\u00e9, c\u2019est offrir un souvenir inoubliable, fait de fleurs choisies avec soin, qui marqueront \u00e0 jamais ce moment exceptionnel.<\/p>\n<p>Rappel \uff1a tout nos bouquets et compositions sont fait avec des fleurs de saison , les photos ne sont donc pas toujours contractuelle.<\/p><\/blockquote>\n","protected":false},"excerpt":{"rendered":"<p>Un bouquet de mari\u00e9e est bien plus qu\u2019un simple arrangement floral, c\u2019est un symbole de l\u2019amour et du bonheur partag\u00e9. Il accompagne la mari\u00e9e tout au long de cette journ\u00e9e unique, ajoutant une touche d\u2019\u00e9l\u00e9gance et de charme \u00e0 sa tenue. Choisir un bouquet personnalis\u00e9, c\u2019est offrir un souvenir inoubliable, fait de fleurs choisies avec [&hellip;]<\/p>\n","protected":false},"featured_media":1558,"template":"","meta":[],"product_brand":[],"product_cat":[26,29],"product_tag":[],"class_list":{"0":"post-1561","1":"product","2":"type-product","3":"status-publish","4":"has-post-thumbnail","6":"product_cat-mariage","7":"product_cat-occasions","9":"first","10":"instock","11":"taxable","12":"shipping-taxable","13":"purchasable","14":"product-type-simple"},"yoast_head":"<!-- This site is optimized with the Yoast SEO plugin v27.2 - https:\/\/yoast.com\/product\/yoast-seo-wordpress\/ -->\n<title>Bouquet de mari\u00e9 rouge et blanc\u00a0 - Fleurs de mai 8<\/title>\n<meta name=\"robots\" content=\"index, follow, max-snippet:-1, max-image-preview:large, max-video-preview:-1\" \/>\n<link rel=\"canonical\" href=\"https:\/\/fleuriste-livry-gargan.fr\/?product=bouquet-de-marie-rouge-et-blanc\" \/>\n<meta property=\"og:locale\" content=\"fr_FR\" \/>\n<meta property=\"og:type\" content=\"article\" \/>\n<meta property=\"og:title\" content=\"Bouquet de mari\u00e9 rouge et blanc\u00a0 - Fleurs de mai 8\" \/>\n<meta property=\"og:description\" content=\"Un bouquet de mari\u00e9e est bien plus qu\u2019un simple arrangement floral, c\u2019est un symbole de l\u2019amour et du bonheur partag\u00e9. Il accompagne la mari\u00e9e tout au long de cette journ\u00e9e unique, ajoutant une touche d\u2019\u00e9l\u00e9gance et de charme \u00e0 sa tenue. Choisir un bouquet personnalis\u00e9, c\u2019est offrir un souvenir inoubliable, fait de fleurs choisies avec [&hellip;]\" \/>\n<meta property=\"og:url\" content=\"https:\/\/fleuriste-livry-gargan.fr\/?product=bouquet-de-marie-rouge-et-blanc\" \/>\n<meta property=\"og:site_name\" content=\"Fleurs de mai 8\" \/>\n<meta property=\"article:modified_time\" content=\"2025-03-26T10:44:04+00:00\" \/>\n<meta property=\"og:image\" content=\"https:\/\/fleuriste-livry-gargan.fr\/wp-content\/uploads\/2025\/03\/IMG_3089-scaled.jpeg\" \/>\n\t<meta property=\"og:image:width\" content=\"1920\" \/>\n\t<meta property=\"og:image:height\" content=\"2560\" \/>\n\t<meta property=\"og:image:type\" content=\"image\/jpeg\" \/>\n<meta name=\"twitter:card\" content=\"summary_large_image\" \/>\n<script type=\"application\/ld+json\" class=\"yoast-schema-graph\">{\"@context\":\"https:\/\/schema.org\",\"@graph\":[{\"@type\":\"WebPage\",\"@id\":\"https:\/\/fleuriste-livry-gargan.fr\/?product=bouquet-de-marie-rouge-et-blanc\",\"url\":\"https:\/\/fleuriste-livry-gargan.fr\/?product=bouquet-de-marie-rouge-et-blanc\",\"name\":\"Bouquet de mari\u00e9 rouge et blanc\u00a0 - Fleurs de mai 8\",\"isPartOf\":{\"@id\":\"https:\/\/fleuriste-livry-gargan.fr\/#website\"},\"primaryImageOfPage\":{\"@id\":\"https:\/\/fleuriste-livry-gargan.fr\/?product=bouquet-de-marie-rouge-et-blanc#primaryimage\"},\"image\":{\"@id\":\"https:\/\/fleuriste-livry-gargan.fr\/?product=bouquet-de-marie-rouge-et-blanc#primaryimage\"},\"thumbnailUrl\":\"https:\/\/fleuriste-livry-gargan.fr\/wp-content\/uploads\/2025\/03\/IMG_3089-scaled.jpeg\",\"datePublished\":\"2025-03-15T10:03:10+00:00\",\"dateModified\":\"2025-03-26T10:44:04+00:00\",\"breadcrumb\":{\"@id\":\"https:\/\/fleuriste-livry-gargan.fr\/?product=bouquet-de-marie-rouge-et-blanc#breadcrumb\"},\"inLanguage\":\"fr-FR\",\"potentialAction\":[{\"@type\":\"ReadAction\",\"target\":[\"https:\/\/fleuriste-livry-gargan.fr\/?product=bouquet-de-marie-rouge-et-blanc\"]}]},{\"@type\":\"ImageObject\",\"inLanguage\":\"fr-FR\",\"@id\":\"https:\/\/fleuriste-livry-gargan.fr\/?product=bouquet-de-marie-rouge-et-blanc#primaryimage\",\"url\":\"https:\/\/fleuriste-livry-gargan.fr\/wp-content\/uploads\/2025\/03\/IMG_3089-scaled.jpeg\",\"contentUrl\":\"https:\/\/fleuriste-livry-gargan.fr\/wp-content\/uploads\/2025\/03\/IMG_3089-scaled.jpeg\",\"width\":1920,\"height\":2560},{\"@type\":\"BreadcrumbList\",\"@id\":\"https:\/\/fleuriste-livry-gargan.fr\/?product=bouquet-de-marie-rouge-et-blanc#breadcrumb\",\"itemListElement\":[{\"@type\":\"ListItem\",\"position\":1,\"name\":\"Accueil\",\"item\":\"https:\/\/fleuriste-livry-gargan.fr\/\"},{\"@type\":\"ListItem\",\"position\":2,\"name\":\"Boutique\",\"item\":\"https:\/\/fleuriste-livry-gargan.fr\/?page_id=8\"},{\"@type\":\"ListItem\",\"position\":3,\"name\":\"Bouquet de mari\u00e9 rouge et blanc\u00a0\"}]},{\"@type\":\"WebSite\",\"@id\":\"https:\/\/fleuriste-livry-gargan.fr\/#website\",\"url\":\"https:\/\/fleuriste-livry-gargan.fr\/\",\"name\":\"Fleurs de mai 8\",\"description\":\"\",\"potentialAction\":[{\"@type\":\"SearchAction\",\"target\":{\"@type\":\"EntryPoint\",\"urlTemplate\":\"https:\/\/fleuriste-livry-gargan.fr\/?s={search_term_string}\"},\"query-input\":{\"@type\":\"PropertyValueSpecification\",\"valueRequired\":true,\"valueName\":\"search_term_string\"}}],\"inLanguage\":\"fr-FR\"}]}<\/script>\n<!-- \/ Yoast SEO plugin. -->","yoast_head_json":{"title":"Bouquet de mari\u00e9 rouge et blanc\u00a0 - Fleurs de mai 8","robots":{"index":"index","follow":"follow","max-snippet":"max-snippet:-1","max-image-preview":"max-image-preview:large","max-video-preview":"max-video-preview:-1"},"canonical":"https:\/\/fleuriste-livry-gargan.fr\/?product=bouquet-de-marie-rouge-et-blanc","og_locale":"fr_FR","og_type":"article","og_title":"Bouquet de mari\u00e9 rouge et blanc\u00a0 - Fleurs de mai 8","og_description":"Un bouquet de mari\u00e9e est bien plus qu\u2019un simple arrangement floral, c\u2019est un symbole de l\u2019amour et du bonheur partag\u00e9. Il accompagne la mari\u00e9e tout au long de cette journ\u00e9e unique, ajoutant une touche d\u2019\u00e9l\u00e9gance et de charme \u00e0 sa tenue. Choisir un bouquet personnalis\u00e9, c\u2019est offrir un souvenir inoubliable, fait de fleurs choisies avec [&hellip;]","og_url":"https:\/\/fleuriste-livry-gargan.fr\/?product=bouquet-de-marie-rouge-et-blanc","og_site_name":"Fleurs de mai 8","article_modified_time":"2025-03-26T10:44:04+00:00","og_image":[{"width":1920,"height":2560,"url":"https:\/\/fleuriste-livry-gargan.fr\/wp-content\/uploads\/2025\/03\/IMG_3089-scaled.jpeg","type":"image\/jpeg"}],"twitter_card":"summary_large_image","schema":{"@context":"https:\/\/schema.org","@graph":[{"@type":"WebPage","@id":"https:\/\/fleuriste-livry-gargan.fr\/?product=bouquet-de-marie-rouge-et-blanc","url":"https:\/\/fleuriste-livry-gargan.fr\/?product=bouquet-de-marie-rouge-et-blanc","name":"Bouquet de mari\u00e9 rouge et blanc\u00a0 - Fleurs de mai 8","isPartOf":{"@id":"https:\/\/fleuriste-livry-gargan.fr\/#website"},"primaryImageOfPage":{"@id":"https:\/\/fleuriste-livry-gargan.fr\/?product=bouquet-de-marie-rouge-et-blanc#primaryimage"},"image":{"@id":"https:\/\/fleuriste-livry-gargan.fr\/?product=bouquet-de-marie-rouge-et-blanc#primaryimage"},"thumbnailUrl":"https:\/\/fleuriste-livry-gargan.fr\/wp-content\/uploads\/2025\/03\/IMG_3089-scaled.jpeg","datePublished":"2025-03-15T10:03:10+00:00","dateModified":"2025-03-26T10:44:04+00:00","breadcrumb":{"@id":"https:\/\/fleuriste-livry-gargan.fr\/?product=bouquet-de-marie-rouge-et-blanc#breadcrumb"},"inLanguage":"fr-FR","potentialAction":[{"@type":"ReadAction","target":["https:\/\/fleuriste-livry-gargan.fr\/?product=bouquet-de-marie-rouge-et-blanc"]}]},{"@type":"ImageObject","inLanguage":"fr-FR","@id":"https:\/\/fleuriste-livry-gargan.fr\/?product=bouquet-de-marie-rouge-et-blanc#primaryimage","url":"https:\/\/fleuriste-livry-gargan.fr\/wp-content\/uploads\/2025\/03\/IMG_3089-scaled.jpeg","contentUrl":"https:\/\/fleuriste-livry-gargan.fr\/wp-content\/uploads\/2025\/03\/IMG_3089-scaled.jpeg","width":1920,"height":2560},{"@type":"BreadcrumbList","@id":"https:\/\/fleuriste-livry-gargan.fr\/?product=bouquet-de-marie-rouge-et-blanc#breadcrumb","itemListElement":[{"@type":"ListItem","position":1,"name":"Accueil","item":"https:\/\/fleuriste-livry-gargan.fr\/"},{"@type":"ListItem","position":2,"name":"Boutique","item":"https:\/\/fleuriste-livry-gargan.fr\/?page_id=8"},{"@type":"ListItem","position":3,"name":"Bouquet de mari\u00e9 rouge et blanc\u00a0"}]},{"@type":"WebSite","@id":"https:\/\/fleuriste-livry-gargan.fr\/#website","url":"https:\/\/fleuriste-livry-gargan.fr\/","name":"Fleurs de mai 8","description":"","potentialAction":[{"@type":"SearchAction","target":{"@type":"EntryPoint","urlTemplate":"https:\/\/fleuriste-livry-gargan.fr\/?s={search_term_string}"},"query-input":{"@type":"PropertyValueSpecification","valueRequired":true,"valueName":"search_term_string"}}],"inLanguage":"fr-FR"}]}},"jetpack_sharing_enabled":true,"_links":{"self":[{"href":"https:\/\/fleuriste-livry-gargan.fr\/index.php?rest_route=\/wp\/v2\/product\/1561","targetHints":{"allow":["GET"]}}],"collection":[{"href":"https:\/\/fleuriste-livry-gargan.fr\/index.php?rest_route=\/wp\/v2\/product"}],"about":[{"href":"https:\/\/fleuriste-livry-gargan.fr\/index.php?rest_route=\/wp\/v2\/types\/product"}],"wp:featuredmedia":[{"embeddable":true,"href":"https:\/\/fleuriste-livry-gargan.fr\/index.php?rest_route=\/wp\/v2\/media\/1558"}],"wp:attachment":[{"href":"https:\/\/fleuriste-livry-gargan.fr\/index.php?rest_route=%2Fwp%2Fv2%2Fmedia&parent=1561"}],"wp:term":[{"taxonomy":"product_brand","embeddable":true,"href":"https:\/\/fleuriste-livry-gargan.fr\/index.php?rest_route=%2Fwp%2Fv2%2Fproduct_brand&post=1561"},{"taxonomy":"product_cat","embeddable":true,"href":"https:\/\/fleuriste-livry-gargan.fr\/index.php?rest_route=%2Fwp%2Fv2%2Fproduct_cat&post=1561"},{"taxonomy":"product_tag","embeddable":true,"href":"https:\/\/fleuriste-livry-gargan.fr\/index.php?rest_route=%2Fwp%2Fv2%2Fproduct_tag&post=1561"}],"curies":[{"name":"wp","href":"https:\/\/api.w.org\/{rel}","templated":true}]}}