{"id":1562,"date":"2025-03-15T12:16:46","date_gmt":"2025-03-15T10:16:46","guid":{"rendered":"https:\/\/fleuriste-livry-gargan.fr\/?post_type=product&#038;p=1562"},"modified":"2025-04-08T11:41:55","modified_gmt":"2025-04-08T09:41:55","slug":"capot-de-voiture","status":"publish","type":"product","link":"https:\/\/fleuriste-livry-gargan.fr\/?product=capot-de-voiture","title":{"rendered":"Capot de voiture"},"content":{"rendered":"<p>D\u00e9corer votre voiture avec un arrangement piqu\u00e9 pour votre mariage ajoute une touche de raffinement et de personnalisation \u00e0 ce moment unique. Cet arrangement, soigneusement con\u00e7u, met en valeur votre entr\u00e9e en tant que couple, apportant \u00e0 votre cort\u00e8ge une \u00e9l\u00e9gance suppl\u00e9mentaire. Il symbolise non seulement le d\u00e9but de votre nouvelle vie ensemble, mais cr\u00e9e \u00e9galement un souvenir visuel m\u00e9morable pour vous et vos invit\u00e9s, marquant votre union de mani\u00e8re exceptionnelle.<\/p>\n<p>Rappel \uff1a tout nos bouquets et compositions sont fait avec des fleurs de saison , les photos ne sont donc pas toujours contractuelle.<\/p>\n<p>&nbsp;<\/p>\n","protected":false},"excerpt":{"rendered":"<p>D\u00e9corer votre voiture avec un arrangement piqu\u00e9 pour votre mariage ajoute une touche de raffinement et de personnalisation \u00e0 ce moment unique. Cet arrangement, soigneusement con\u00e7u, met en valeur votre entr\u00e9e en tant que couple, apportant \u00e0 votre cort\u00e8ge une \u00e9l\u00e9gance suppl\u00e9mentaire. Il symbolise non seulement le d\u00e9but de votre nouvelle vie ensemble, mais cr\u00e9e [&hellip;]<\/p>\n","protected":false},"featured_media":1563,"template":"","meta":[],"product_brand":[],"product_cat":[26,29],"product_tag":[],"class_list":{"0":"post-1562","1":"product","2":"type-product","3":"status-publish","4":"has-post-thumbnail","6":"product_cat-mariage","7":"product_cat-occasions","9":"first","10":"outofstock","11":"taxable","12":"shipping-taxable","13":"purchasable","14":"product-type-variable"},"yoast_head":"<!-- This site is optimized with the Yoast SEO plugin v27.2 - https:\/\/yoast.com\/product\/yoast-seo-wordpress\/ -->\n<title>Capot de voiture - Fleurs de mai 8<\/title>\n<meta name=\"robots\" content=\"index, follow, max-snippet:-1, max-image-preview:large, max-video-preview:-1\" \/>\n<link rel=\"canonical\" href=\"https:\/\/fleuriste-livry-gargan.fr\/?product=capot-de-voiture\" \/>\n<meta property=\"og:locale\" content=\"fr_FR\" \/>\n<meta property=\"og:type\" content=\"article\" \/>\n<meta property=\"og:title\" content=\"Capot de voiture - Fleurs de mai 8\" \/>\n<meta property=\"og:description\" content=\"D\u00e9corer votre voiture avec un arrangement piqu\u00e9 pour votre mariage ajoute une touche de raffinement et de personnalisation \u00e0 ce moment unique. Cet arrangement, soigneusement con\u00e7u, met en valeur votre entr\u00e9e en tant que couple, apportant \u00e0 votre cort\u00e8ge une \u00e9l\u00e9gance suppl\u00e9mentaire. Il symbolise non seulement le d\u00e9but de votre nouvelle vie ensemble, mais cr\u00e9e [&hellip;]\" \/>\n<meta property=\"og:url\" content=\"https:\/\/fleuriste-livry-gargan.fr\/?product=capot-de-voiture\" \/>\n<meta property=\"og:site_name\" content=\"Fleurs de mai 8\" \/>\n<meta property=\"article:modified_time\" content=\"2025-04-08T09:41:55+00:00\" \/>\n<meta property=\"og:image\" content=\"https:\/\/fleuriste-livry-gargan.fr\/wp-content\/uploads\/2025\/03\/IMG_3598-scaled.jpeg\" \/>\n\t<meta property=\"og:image:width\" content=\"1920\" \/>\n\t<meta property=\"og:image:height\" content=\"2560\" \/>\n\t<meta property=\"og:image:type\" content=\"image\/jpeg\" \/>\n<meta name=\"twitter:card\" content=\"summary_large_image\" \/>\n<meta name=\"twitter:label1\" content=\"Dur\u00e9e de lecture estim\u00e9e\" \/>\n\t<meta name=\"twitter:data1\" content=\"1 minute\" \/>\n<script type=\"application\/ld+json\" class=\"yoast-schema-graph\">{\"@context\":\"https:\/\/schema.org\",\"@graph\":[{\"@type\":\"WebPage\",\"@id\":\"https:\/\/fleuriste-livry-gargan.fr\/?product=capot-de-voiture\",\"url\":\"https:\/\/fleuriste-livry-gargan.fr\/?product=capot-de-voiture\",\"name\":\"Capot de voiture - Fleurs de mai 8\",\"isPartOf\":{\"@id\":\"https:\/\/fleuriste-livry-gargan.fr\/#website\"},\"primaryImageOfPage\":{\"@id\":\"https:\/\/fleuriste-livry-gargan.fr\/?product=capot-de-voiture#primaryimage\"},\"image\":{\"@id\":\"https:\/\/fleuriste-livry-gargan.fr\/?product=capot-de-voiture#primaryimage\"},\"thumbnailUrl\":\"https:\/\/fleuriste-livry-gargan.fr\/wp-content\/uploads\/2025\/03\/IMG_3598-scaled.jpeg\",\"datePublished\":\"2025-03-15T10:16:46+00:00\",\"dateModified\":\"2025-04-08T09:41:55+00:00\",\"breadcrumb\":{\"@id\":\"https:\/\/fleuriste-livry-gargan.fr\/?product=capot-de-voiture#breadcrumb\"},\"inLanguage\":\"fr-FR\",\"potentialAction\":[{\"@type\":\"ReadAction\",\"target\":[\"https:\/\/fleuriste-livry-gargan.fr\/?product=capot-de-voiture\"]}]},{\"@type\":\"ImageObject\",\"inLanguage\":\"fr-FR\",\"@id\":\"https:\/\/fleuriste-livry-gargan.fr\/?product=capot-de-voiture#primaryimage\",\"url\":\"https:\/\/fleuriste-livry-gargan.fr\/wp-content\/uploads\/2025\/03\/IMG_3598-scaled.jpeg\",\"contentUrl\":\"https:\/\/fleuriste-livry-gargan.fr\/wp-content\/uploads\/2025\/03\/IMG_3598-scaled.jpeg\",\"width\":1920,\"height\":2560},{\"@type\":\"BreadcrumbList\",\"@id\":\"https:\/\/fleuriste-livry-gargan.fr\/?product=capot-de-voiture#breadcrumb\",\"itemListElement\":[{\"@type\":\"ListItem\",\"position\":1,\"name\":\"Accueil\",\"item\":\"https:\/\/fleuriste-livry-gargan.fr\/\"},{\"@type\":\"ListItem\",\"position\":2,\"name\":\"Boutique\",\"item\":\"https:\/\/fleuriste-livry-gargan.fr\/?page_id=8\"},{\"@type\":\"ListItem\",\"position\":3,\"name\":\"Capot de voiture\"}]},{\"@type\":\"WebSite\",\"@id\":\"https:\/\/fleuriste-livry-gargan.fr\/#website\",\"url\":\"https:\/\/fleuriste-livry-gargan.fr\/\",\"name\":\"Fleurs de mai 8\",\"description\":\"\",\"potentialAction\":[{\"@type\":\"SearchAction\",\"target\":{\"@type\":\"EntryPoint\",\"urlTemplate\":\"https:\/\/fleuriste-livry-gargan.fr\/?s={search_term_string}\"},\"query-input\":{\"@type\":\"PropertyValueSpecification\",\"valueRequired\":true,\"valueName\":\"search_term_string\"}}],\"inLanguage\":\"fr-FR\"}]}<\/script>\n<!-- \/ Yoast SEO plugin. -->","yoast_head_json":{"title":"Capot de voiture - Fleurs de mai 8","robots":{"index":"index","follow":"follow","max-snippet":"max-snippet:-1","max-image-preview":"max-image-preview:large","max-video-preview":"max-video-preview:-1"},"canonical":"https:\/\/fleuriste-livry-gargan.fr\/?product=capot-de-voiture","og_locale":"fr_FR","og_type":"article","og_title":"Capot de voiture - Fleurs de mai 8","og_description":"D\u00e9corer votre voiture avec un arrangement piqu\u00e9 pour votre mariage ajoute une touche de raffinement et de personnalisation \u00e0 ce moment unique. Cet arrangement, soigneusement con\u00e7u, met en valeur votre entr\u00e9e en tant que couple, apportant \u00e0 votre cort\u00e8ge une \u00e9l\u00e9gance suppl\u00e9mentaire. Il symbolise non seulement le d\u00e9but de votre nouvelle vie ensemble, mais cr\u00e9e [&hellip;]","og_url":"https:\/\/fleuriste-livry-gargan.fr\/?product=capot-de-voiture","og_site_name":"Fleurs de mai 8","article_modified_time":"2025-04-08T09:41:55+00:00","og_image":[{"width":1920,"height":2560,"url":"https:\/\/fleuriste-livry-gargan.fr\/wp-content\/uploads\/2025\/03\/IMG_3598-scaled.jpeg","type":"image\/jpeg"}],"twitter_card":"summary_large_image","twitter_misc":{"Dur\u00e9e de lecture estim\u00e9e":"1 minute"},"schema":{"@context":"https:\/\/schema.org","@graph":[{"@type":"WebPage","@id":"https:\/\/fleuriste-livry-gargan.fr\/?product=capot-de-voiture","url":"https:\/\/fleuriste-livry-gargan.fr\/?product=capot-de-voiture","name":"Capot de voiture - Fleurs de mai 8","isPartOf":{"@id":"https:\/\/fleuriste-livry-gargan.fr\/#website"},"primaryImageOfPage":{"@id":"https:\/\/fleuriste-livry-gargan.fr\/?product=capot-de-voiture#primaryimage"},"image":{"@id":"https:\/\/fleuriste-livry-gargan.fr\/?product=capot-de-voiture#primaryimage"},"thumbnailUrl":"https:\/\/fleuriste-livry-gargan.fr\/wp-content\/uploads\/2025\/03\/IMG_3598-scaled.jpeg","datePublished":"2025-03-15T10:16:46+00:00","dateModified":"2025-04-08T09:41:55+00:00","breadcrumb":{"@id":"https:\/\/fleuriste-livry-gargan.fr\/?product=capot-de-voiture#breadcrumb"},"inLanguage":"fr-FR","potentialAction":[{"@type":"ReadAction","target":["https:\/\/fleuriste-livry-gargan.fr\/?product=capot-de-voiture"]}]},{"@type":"ImageObject","inLanguage":"fr-FR","@id":"https:\/\/fleuriste-livry-gargan.fr\/?product=capot-de-voiture#primaryimage","url":"https:\/\/fleuriste-livry-gargan.fr\/wp-content\/uploads\/2025\/03\/IMG_3598-scaled.jpeg","contentUrl":"https:\/\/fleuriste-livry-gargan.fr\/wp-content\/uploads\/2025\/03\/IMG_3598-scaled.jpeg","width":1920,"height":2560},{"@type":"BreadcrumbList","@id":"https:\/\/fleuriste-livry-gargan.fr\/?product=capot-de-voiture#breadcrumb","itemListElement":[{"@type":"ListItem","position":1,"name":"Accueil","item":"https:\/\/fleuriste-livry-gargan.fr\/"},{"@type":"ListItem","position":2,"name":"Boutique","item":"https:\/\/fleuriste-livry-gargan.fr\/?page_id=8"},{"@type":"ListItem","position":3,"name":"Capot de voiture"}]},{"@type":"WebSite","@id":"https:\/\/fleuriste-livry-gargan.fr\/#website","url":"https:\/\/fleuriste-livry-gargan.fr\/","name":"Fleurs de mai 8","description":"","potentialAction":[{"@type":"SearchAction","target":{"@type":"EntryPoint","urlTemplate":"https:\/\/fleuriste-livry-gargan.fr\/?s={search_term_string}"},"query-input":{"@type":"PropertyValueSpecification","valueRequired":true,"valueName":"search_term_string"}}],"inLanguage":"fr-FR"}]}},"jetpack_sharing_enabled":true,"_links":{"self":[{"href":"https:\/\/fleuriste-livry-gargan.fr\/index.php?rest_route=\/wp\/v2\/product\/1562","targetHints":{"allow":["GET"]}}],"collection":[{"href":"https:\/\/fleuriste-livry-gargan.fr\/index.php?rest_route=\/wp\/v2\/product"}],"about":[{"href":"https:\/\/fleuriste-livry-gargan.fr\/index.php?rest_route=\/wp\/v2\/types\/product"}],"wp:featuredmedia":[{"embeddable":true,"href":"https:\/\/fleuriste-livry-gargan.fr\/index.php?rest_route=\/wp\/v2\/media\/1563"}],"wp:attachment":[{"href":"https:\/\/fleuriste-livry-gargan.fr\/index.php?rest_route=%2Fwp%2Fv2%2Fmedia&parent=1562"}],"wp:term":[{"taxonomy":"product_brand","embeddable":true,"href":"https:\/\/fleuriste-livry-gargan.fr\/index.php?rest_route=%2Fwp%2Fv2%2Fproduct_brand&post=1562"},{"taxonomy":"product_cat","embeddable":true,"href":"https:\/\/fleuriste-livry-gargan.fr\/index.php?rest_route=%2Fwp%2Fv2%2Fproduct_cat&post=1562"},{"taxonomy":"product_tag","embeddable":true,"href":"https:\/\/fleuriste-livry-gargan.fr\/index.php?rest_route=%2Fwp%2Fv2%2Fproduct_tag&post=1562"}],"curies":[{"name":"wp","href":"https:\/\/api.w.org\/{rel}","templated":true}]}}