{"id":1612,"date":"2025-03-25T11:50:54","date_gmt":"2025-03-25T09:50:54","guid":{"rendered":"https:\/\/fleuriste-livry-gargan.fr\/?post_type=product&#038;p=1612"},"modified":"2025-03-26T12:35:45","modified_gmt":"2025-03-26T10:35:45","slug":"couronne-traditionnelle-deuil","status":"publish","type":"product","link":"https:\/\/fleuriste-livry-gargan.fr\/?product=couronne-traditionnelle-deuil","title":{"rendered":"Couronne traditionnelle deuil"},"content":{"rendered":"<p>Une couronne traditionnelle est un hommage classique et respectueux, symbolisant l\u2019amour et la m\u00e9moire \u00e9ternelle. Elle incarne la beaut\u00e9 de la vie, tout en apportant une grande dignit\u00e9 au moment du deuil. Choisir une couronne traditionnelle, c\u2019est rendre hommage de mani\u00e8re intemporelle et \u00e9l\u00e9gante \u00e0 l\u2019\u00eatre cher, en apportant \u00e0 la c\u00e9r\u00e9monie une touche de s\u00e9r\u00e9nit\u00e9 et de respect.<\/p>\n<p>Rappel \uff1a tout nos bouquets et compositions sont fait avec des fleurs de saison , les photos ne sont donc pas toujours contractuelle.<\/p>\n","protected":false},"excerpt":{"rendered":"<p>Une couronne traditionnelle est un hommage classique et respectueux, symbolisant l\u2019amour et la m\u00e9moire \u00e9ternelle. Elle incarne la beaut\u00e9 de la vie, tout en apportant une grande dignit\u00e9 au moment du deuil. Choisir une couronne traditionnelle, c\u2019est rendre hommage de mani\u00e8re intemporelle et \u00e9l\u00e9gante \u00e0 l\u2019\u00eatre cher, en apportant \u00e0 la c\u00e9r\u00e9monie une touche de [&hellip;]<\/p>\n","protected":false},"featured_media":1613,"template":"","meta":[],"product_brand":[],"product_cat":[28],"product_tag":[],"class_list":{"0":"post-1612","1":"product","2":"type-product","3":"status-publish","4":"has-post-thumbnail","6":"product_cat-deuil","8":"first","9":"instock","10":"taxable","11":"shipping-taxable","12":"purchasable","13":"product-type-variable"},"yoast_head":"<!-- This site is optimized with the Yoast SEO plugin v27.2 - https:\/\/yoast.com\/product\/yoast-seo-wordpress\/ -->\n<title>Couronne traditionnelle deuil - Fleurs de mai 8<\/title>\n<meta name=\"robots\" content=\"index, follow, max-snippet:-1, max-image-preview:large, max-video-preview:-1\" \/>\n<link rel=\"canonical\" href=\"https:\/\/fleuriste-livry-gargan.fr\/?product=couronne-traditionnelle-deuil\" \/>\n<meta property=\"og:locale\" content=\"fr_FR\" \/>\n<meta property=\"og:type\" content=\"article\" \/>\n<meta property=\"og:title\" content=\"Couronne traditionnelle deuil - Fleurs de mai 8\" \/>\n<meta property=\"og:description\" content=\"Une couronne traditionnelle est un hommage classique et respectueux, symbolisant l\u2019amour et la m\u00e9moire \u00e9ternelle. Elle incarne la beaut\u00e9 de la vie, tout en apportant une grande dignit\u00e9 au moment du deuil. Choisir une couronne traditionnelle, c\u2019est rendre hommage de mani\u00e8re intemporelle et \u00e9l\u00e9gante \u00e0 l\u2019\u00eatre cher, en apportant \u00e0 la c\u00e9r\u00e9monie une touche de [&hellip;]\" \/>\n<meta property=\"og:url\" content=\"https:\/\/fleuriste-livry-gargan.fr\/?product=couronne-traditionnelle-deuil\" \/>\n<meta property=\"og:site_name\" content=\"Fleurs de mai 8\" \/>\n<meta property=\"article:modified_time\" content=\"2025-03-26T10:35:45+00:00\" \/>\n<meta property=\"og:image\" content=\"https:\/\/fleuriste-livry-gargan.fr\/wp-content\/uploads\/2025\/03\/IMG_6558-1-scaled.jpeg\" \/>\n\t<meta property=\"og:image:width\" content=\"1730\" \/>\n\t<meta property=\"og:image:height\" content=\"2560\" \/>\n\t<meta property=\"og:image:type\" content=\"image\/jpeg\" \/>\n<meta name=\"twitter:card\" content=\"summary_large_image\" \/>\n<script type=\"application\/ld+json\" class=\"yoast-schema-graph\">{\"@context\":\"https:\/\/schema.org\",\"@graph\":[{\"@type\":\"WebPage\",\"@id\":\"https:\/\/fleuriste-livry-gargan.fr\/?product=couronne-traditionnelle-deuil\",\"url\":\"https:\/\/fleuriste-livry-gargan.fr\/?product=couronne-traditionnelle-deuil\",\"name\":\"Couronne traditionnelle deuil - Fleurs de mai 8\",\"isPartOf\":{\"@id\":\"https:\/\/fleuriste-livry-gargan.fr\/#website\"},\"primaryImageOfPage\":{\"@id\":\"https:\/\/fleuriste-livry-gargan.fr\/?product=couronne-traditionnelle-deuil#primaryimage\"},\"image\":{\"@id\":\"https:\/\/fleuriste-livry-gargan.fr\/?product=couronne-traditionnelle-deuil#primaryimage\"},\"thumbnailUrl\":\"https:\/\/fleuriste-livry-gargan.fr\/wp-content\/uploads\/2025\/03\/IMG_6558-1-scaled.jpeg\",\"datePublished\":\"2025-03-25T09:50:54+00:00\",\"dateModified\":\"2025-03-26T10:35:45+00:00\",\"breadcrumb\":{\"@id\":\"https:\/\/fleuriste-livry-gargan.fr\/?product=couronne-traditionnelle-deuil#breadcrumb\"},\"inLanguage\":\"fr-FR\",\"potentialAction\":[{\"@type\":\"ReadAction\",\"target\":[\"https:\/\/fleuriste-livry-gargan.fr\/?product=couronne-traditionnelle-deuil\"]}]},{\"@type\":\"ImageObject\",\"inLanguage\":\"fr-FR\",\"@id\":\"https:\/\/fleuriste-livry-gargan.fr\/?product=couronne-traditionnelle-deuil#primaryimage\",\"url\":\"https:\/\/fleuriste-livry-gargan.fr\/wp-content\/uploads\/2025\/03\/IMG_6558-1-scaled.jpeg\",\"contentUrl\":\"https:\/\/fleuriste-livry-gargan.fr\/wp-content\/uploads\/2025\/03\/IMG_6558-1-scaled.jpeg\",\"width\":1730,\"height\":2560},{\"@type\":\"BreadcrumbList\",\"@id\":\"https:\/\/fleuriste-livry-gargan.fr\/?product=couronne-traditionnelle-deuil#breadcrumb\",\"itemListElement\":[{\"@type\":\"ListItem\",\"position\":1,\"name\":\"Accueil\",\"item\":\"https:\/\/fleuriste-livry-gargan.fr\/\"},{\"@type\":\"ListItem\",\"position\":2,\"name\":\"Boutique\",\"item\":\"https:\/\/fleuriste-livry-gargan.fr\/?page_id=8\"},{\"@type\":\"ListItem\",\"position\":3,\"name\":\"Couronne traditionnelle deuil\"}]},{\"@type\":\"WebSite\",\"@id\":\"https:\/\/fleuriste-livry-gargan.fr\/#website\",\"url\":\"https:\/\/fleuriste-livry-gargan.fr\/\",\"name\":\"Fleurs de mai 8\",\"description\":\"\",\"potentialAction\":[{\"@type\":\"SearchAction\",\"target\":{\"@type\":\"EntryPoint\",\"urlTemplate\":\"https:\/\/fleuriste-livry-gargan.fr\/?s={search_term_string}\"},\"query-input\":{\"@type\":\"PropertyValueSpecification\",\"valueRequired\":true,\"valueName\":\"search_term_string\"}}],\"inLanguage\":\"fr-FR\"}]}<\/script>\n<!-- \/ Yoast SEO plugin. -->","yoast_head_json":{"title":"Couronne traditionnelle deuil - Fleurs de mai 8","robots":{"index":"index","follow":"follow","max-snippet":"max-snippet:-1","max-image-preview":"max-image-preview:large","max-video-preview":"max-video-preview:-1"},"canonical":"https:\/\/fleuriste-livry-gargan.fr\/?product=couronne-traditionnelle-deuil","og_locale":"fr_FR","og_type":"article","og_title":"Couronne traditionnelle deuil - Fleurs de mai 8","og_description":"Une couronne traditionnelle est un hommage classique et respectueux, symbolisant l\u2019amour et la m\u00e9moire \u00e9ternelle. Elle incarne la beaut\u00e9 de la vie, tout en apportant une grande dignit\u00e9 au moment du deuil. Choisir une couronne traditionnelle, c\u2019est rendre hommage de mani\u00e8re intemporelle et \u00e9l\u00e9gante \u00e0 l\u2019\u00eatre cher, en apportant \u00e0 la c\u00e9r\u00e9monie une touche de [&hellip;]","og_url":"https:\/\/fleuriste-livry-gargan.fr\/?product=couronne-traditionnelle-deuil","og_site_name":"Fleurs de mai 8","article_modified_time":"2025-03-26T10:35:45+00:00","og_image":[{"width":1730,"height":2560,"url":"https:\/\/fleuriste-livry-gargan.fr\/wp-content\/uploads\/2025\/03\/IMG_6558-1-scaled.jpeg","type":"image\/jpeg"}],"twitter_card":"summary_large_image","schema":{"@context":"https:\/\/schema.org","@graph":[{"@type":"WebPage","@id":"https:\/\/fleuriste-livry-gargan.fr\/?product=couronne-traditionnelle-deuil","url":"https:\/\/fleuriste-livry-gargan.fr\/?product=couronne-traditionnelle-deuil","name":"Couronne traditionnelle deuil - Fleurs de mai 8","isPartOf":{"@id":"https:\/\/fleuriste-livry-gargan.fr\/#website"},"primaryImageOfPage":{"@id":"https:\/\/fleuriste-livry-gargan.fr\/?product=couronne-traditionnelle-deuil#primaryimage"},"image":{"@id":"https:\/\/fleuriste-livry-gargan.fr\/?product=couronne-traditionnelle-deuil#primaryimage"},"thumbnailUrl":"https:\/\/fleuriste-livry-gargan.fr\/wp-content\/uploads\/2025\/03\/IMG_6558-1-scaled.jpeg","datePublished":"2025-03-25T09:50:54+00:00","dateModified":"2025-03-26T10:35:45+00:00","breadcrumb":{"@id":"https:\/\/fleuriste-livry-gargan.fr\/?product=couronne-traditionnelle-deuil#breadcrumb"},"inLanguage":"fr-FR","potentialAction":[{"@type":"ReadAction","target":["https:\/\/fleuriste-livry-gargan.fr\/?product=couronne-traditionnelle-deuil"]}]},{"@type":"ImageObject","inLanguage":"fr-FR","@id":"https:\/\/fleuriste-livry-gargan.fr\/?product=couronne-traditionnelle-deuil#primaryimage","url":"https:\/\/fleuriste-livry-gargan.fr\/wp-content\/uploads\/2025\/03\/IMG_6558-1-scaled.jpeg","contentUrl":"https:\/\/fleuriste-livry-gargan.fr\/wp-content\/uploads\/2025\/03\/IMG_6558-1-scaled.jpeg","width":1730,"height":2560},{"@type":"BreadcrumbList","@id":"https:\/\/fleuriste-livry-gargan.fr\/?product=couronne-traditionnelle-deuil#breadcrumb","itemListElement":[{"@type":"ListItem","position":1,"name":"Accueil","item":"https:\/\/fleuriste-livry-gargan.fr\/"},{"@type":"ListItem","position":2,"name":"Boutique","item":"https:\/\/fleuriste-livry-gargan.fr\/?page_id=8"},{"@type":"ListItem","position":3,"name":"Couronne traditionnelle deuil"}]},{"@type":"WebSite","@id":"https:\/\/fleuriste-livry-gargan.fr\/#website","url":"https:\/\/fleuriste-livry-gargan.fr\/","name":"Fleurs de mai 8","description":"","potentialAction":[{"@type":"SearchAction","target":{"@type":"EntryPoint","urlTemplate":"https:\/\/fleuriste-livry-gargan.fr\/?s={search_term_string}"},"query-input":{"@type":"PropertyValueSpecification","valueRequired":true,"valueName":"search_term_string"}}],"inLanguage":"fr-FR"}]}},"jetpack_sharing_enabled":true,"_links":{"self":[{"href":"https:\/\/fleuriste-livry-gargan.fr\/index.php?rest_route=\/wp\/v2\/product\/1612","targetHints":{"allow":["GET"]}}],"collection":[{"href":"https:\/\/fleuriste-livry-gargan.fr\/index.php?rest_route=\/wp\/v2\/product"}],"about":[{"href":"https:\/\/fleuriste-livry-gargan.fr\/index.php?rest_route=\/wp\/v2\/types\/product"}],"wp:featuredmedia":[{"embeddable":true,"href":"https:\/\/fleuriste-livry-gargan.fr\/index.php?rest_route=\/wp\/v2\/media\/1613"}],"wp:attachment":[{"href":"https:\/\/fleuriste-livry-gargan.fr\/index.php?rest_route=%2Fwp%2Fv2%2Fmedia&parent=1612"}],"wp:term":[{"taxonomy":"product_brand","embeddable":true,"href":"https:\/\/fleuriste-livry-gargan.fr\/index.php?rest_route=%2Fwp%2Fv2%2Fproduct_brand&post=1612"},{"taxonomy":"product_cat","embeddable":true,"href":"https:\/\/fleuriste-livry-gargan.fr\/index.php?rest_route=%2Fwp%2Fv2%2Fproduct_cat&post=1612"},{"taxonomy":"product_tag","embeddable":true,"href":"https:\/\/fleuriste-livry-gargan.fr\/index.php?rest_route=%2Fwp%2Fv2%2Fproduct_tag&post=1612"}],"curies":[{"name":"wp","href":"https:\/\/api.w.org\/{rel}","templated":true}]}}