{"id":1649,"date":"2025-03-25T12:14:43","date_gmt":"2025-03-25T10:14:43","guid":{"rendered":"https:\/\/fleuriste-livry-gargan.fr\/?post_type=product&#038;p=1649"},"modified":"2025-03-26T11:47:51","modified_gmt":"2025-03-26T09:47:51","slug":"couronne-deuil-rouge","status":"publish","type":"product","link":"https:\/\/fleuriste-livry-gargan.fr\/?product=couronne-deuil-rouge","title":{"rendered":"Couronne Deuil Rouge"},"content":{"rendered":"<p>Trois tailles vous sont propos\u00e9es =<\/p>\n<p>S = 60 cm \u00a0 \u00a0 \u00a0 \u00a0 \u00a0 \u00a0 \u00a0 M = 75 cm \u00a0 \u00a0 \u00a0 \u00a0 \u00a0 \u00a0 \u00a0L = 90 cm<\/p>\n<p>Une couronne de deuil est un hommage symbolique, offrant respect et soutien aux proches du d\u00e9funt. Elle transmet des \u00e9motions profondes \u00e0 travers les fleurs, choisies pour leur signification. Ce geste apporte r\u00e9confort et permet de c\u00e9l\u00e9brer la m\u00e9moire de l\u2019\u00eatre cher d\u2019une mani\u00e8re \u00e9l\u00e9gante et significative.<\/p>\n<p>Rappel \uff1a tout nos bouquets et compositions sont fait avec des fleurs de saison , les photos ne sont donc pas toujours contractuelle.<\/p>\n","protected":false},"excerpt":{"rendered":"<p>Trois tailles vous sont propos\u00e9es = S = 60 cm \u00a0 \u00a0 \u00a0 \u00a0 \u00a0 \u00a0 \u00a0 M = 75 cm \u00a0 \u00a0 \u00a0 \u00a0 \u00a0 \u00a0 \u00a0L = 90 cm Une couronne de deuil est un hommage symbolique, offrant respect et soutien aux proches du d\u00e9funt. Elle transmet des \u00e9motions profondes \u00e0 travers les [&hellip;]<\/p>\n","protected":false},"featured_media":1597,"template":"","meta":[],"product_brand":[],"product_cat":[28,29],"product_tag":[],"class_list":{"0":"post-1649","1":"product","2":"type-product","3":"status-publish","4":"has-post-thumbnail","6":"product_cat-deuil","7":"product_cat-occasions","9":"first","10":"instock","11":"taxable","12":"shipping-taxable","13":"purchasable","14":"product-type-variable"},"yoast_head":"<!-- This site is optimized with the Yoast SEO plugin v27.2 - https:\/\/yoast.com\/product\/yoast-seo-wordpress\/ -->\n<title>Couronne Deuil Rouge - Fleurs de mai 8<\/title>\n<meta name=\"robots\" content=\"index, follow, max-snippet:-1, max-image-preview:large, max-video-preview:-1\" \/>\n<link rel=\"canonical\" href=\"https:\/\/fleuriste-livry-gargan.fr\/?product=couronne-deuil-rouge\" \/>\n<meta property=\"og:locale\" content=\"fr_FR\" \/>\n<meta property=\"og:type\" content=\"article\" \/>\n<meta property=\"og:title\" content=\"Couronne Deuil Rouge - Fleurs de mai 8\" \/>\n<meta property=\"og:description\" content=\"Trois tailles vous sont propos\u00e9es = S = 60 cm \u00a0 \u00a0 \u00a0 \u00a0 \u00a0 \u00a0 \u00a0 M = 75 cm \u00a0 \u00a0 \u00a0 \u00a0 \u00a0 \u00a0 \u00a0L = 90 cm Une couronne de deuil est un hommage symbolique, offrant respect et soutien aux proches du d\u00e9funt. Elle transmet des \u00e9motions profondes \u00e0 travers les [&hellip;]\" \/>\n<meta property=\"og:url\" content=\"https:\/\/fleuriste-livry-gargan.fr\/?product=couronne-deuil-rouge\" \/>\n<meta property=\"og:site_name\" content=\"Fleurs de mai 8\" \/>\n<meta property=\"article:modified_time\" content=\"2025-03-26T09:47:51+00:00\" \/>\n<meta property=\"og:image\" content=\"https:\/\/fleuriste-livry-gargan.fr\/wp-content\/uploads\/2025\/03\/IMG_3687.jpeg\" \/>\n\t<meta property=\"og:image:width\" content=\"1820\" \/>\n\t<meta property=\"og:image:height\" content=\"2128\" \/>\n\t<meta property=\"og:image:type\" content=\"image\/jpeg\" \/>\n<meta name=\"twitter:card\" content=\"summary_large_image\" \/>\n<script type=\"application\/ld+json\" class=\"yoast-schema-graph\">{\"@context\":\"https:\/\/schema.org\",\"@graph\":[{\"@type\":\"WebPage\",\"@id\":\"https:\/\/fleuriste-livry-gargan.fr\/?product=couronne-deuil-rouge\",\"url\":\"https:\/\/fleuriste-livry-gargan.fr\/?product=couronne-deuil-rouge\",\"name\":\"Couronne Deuil Rouge - Fleurs de mai 8\",\"isPartOf\":{\"@id\":\"https:\/\/fleuriste-livry-gargan.fr\/#website\"},\"primaryImageOfPage\":{\"@id\":\"https:\/\/fleuriste-livry-gargan.fr\/?product=couronne-deuil-rouge#primaryimage\"},\"image\":{\"@id\":\"https:\/\/fleuriste-livry-gargan.fr\/?product=couronne-deuil-rouge#primaryimage\"},\"thumbnailUrl\":\"https:\/\/fleuriste-livry-gargan.fr\/wp-content\/uploads\/2025\/03\/IMG_3687.jpeg\",\"datePublished\":\"2025-03-25T10:14:43+00:00\",\"dateModified\":\"2025-03-26T09:47:51+00:00\",\"breadcrumb\":{\"@id\":\"https:\/\/fleuriste-livry-gargan.fr\/?product=couronne-deuil-rouge#breadcrumb\"},\"inLanguage\":\"fr-FR\",\"potentialAction\":[{\"@type\":\"ReadAction\",\"target\":[\"https:\/\/fleuriste-livry-gargan.fr\/?product=couronne-deuil-rouge\"]}]},{\"@type\":\"ImageObject\",\"inLanguage\":\"fr-FR\",\"@id\":\"https:\/\/fleuriste-livry-gargan.fr\/?product=couronne-deuil-rouge#primaryimage\",\"url\":\"https:\/\/fleuriste-livry-gargan.fr\/wp-content\/uploads\/2025\/03\/IMG_3687.jpeg\",\"contentUrl\":\"https:\/\/fleuriste-livry-gargan.fr\/wp-content\/uploads\/2025\/03\/IMG_3687.jpeg\",\"width\":1820,\"height\":2128},{\"@type\":\"BreadcrumbList\",\"@id\":\"https:\/\/fleuriste-livry-gargan.fr\/?product=couronne-deuil-rouge#breadcrumb\",\"itemListElement\":[{\"@type\":\"ListItem\",\"position\":1,\"name\":\"Accueil\",\"item\":\"https:\/\/fleuriste-livry-gargan.fr\/\"},{\"@type\":\"ListItem\",\"position\":2,\"name\":\"Boutique\",\"item\":\"https:\/\/fleuriste-livry-gargan.fr\/?page_id=8\"},{\"@type\":\"ListItem\",\"position\":3,\"name\":\"Couronne Deuil Rouge\"}]},{\"@type\":\"WebSite\",\"@id\":\"https:\/\/fleuriste-livry-gargan.fr\/#website\",\"url\":\"https:\/\/fleuriste-livry-gargan.fr\/\",\"name\":\"Fleurs de mai 8\",\"description\":\"\",\"potentialAction\":[{\"@type\":\"SearchAction\",\"target\":{\"@type\":\"EntryPoint\",\"urlTemplate\":\"https:\/\/fleuriste-livry-gargan.fr\/?s={search_term_string}\"},\"query-input\":{\"@type\":\"PropertyValueSpecification\",\"valueRequired\":true,\"valueName\":\"search_term_string\"}}],\"inLanguage\":\"fr-FR\"}]}<\/script>\n<!-- \/ Yoast SEO plugin. -->","yoast_head_json":{"title":"Couronne Deuil Rouge - Fleurs de mai 8","robots":{"index":"index","follow":"follow","max-snippet":"max-snippet:-1","max-image-preview":"max-image-preview:large","max-video-preview":"max-video-preview:-1"},"canonical":"https:\/\/fleuriste-livry-gargan.fr\/?product=couronne-deuil-rouge","og_locale":"fr_FR","og_type":"article","og_title":"Couronne Deuil Rouge - Fleurs de mai 8","og_description":"Trois tailles vous sont propos\u00e9es = S = 60 cm \u00a0 \u00a0 \u00a0 \u00a0 \u00a0 \u00a0 \u00a0 M = 75 cm \u00a0 \u00a0 \u00a0 \u00a0 \u00a0 \u00a0 \u00a0L = 90 cm Une couronne de deuil est un hommage symbolique, offrant respect et soutien aux proches du d\u00e9funt. Elle transmet des \u00e9motions profondes \u00e0 travers les [&hellip;]","og_url":"https:\/\/fleuriste-livry-gargan.fr\/?product=couronne-deuil-rouge","og_site_name":"Fleurs de mai 8","article_modified_time":"2025-03-26T09:47:51+00:00","og_image":[{"width":1820,"height":2128,"url":"https:\/\/fleuriste-livry-gargan.fr\/wp-content\/uploads\/2025\/03\/IMG_3687.jpeg","type":"image\/jpeg"}],"twitter_card":"summary_large_image","schema":{"@context":"https:\/\/schema.org","@graph":[{"@type":"WebPage","@id":"https:\/\/fleuriste-livry-gargan.fr\/?product=couronne-deuil-rouge","url":"https:\/\/fleuriste-livry-gargan.fr\/?product=couronne-deuil-rouge","name":"Couronne Deuil Rouge - Fleurs de mai 8","isPartOf":{"@id":"https:\/\/fleuriste-livry-gargan.fr\/#website"},"primaryImageOfPage":{"@id":"https:\/\/fleuriste-livry-gargan.fr\/?product=couronne-deuil-rouge#primaryimage"},"image":{"@id":"https:\/\/fleuriste-livry-gargan.fr\/?product=couronne-deuil-rouge#primaryimage"},"thumbnailUrl":"https:\/\/fleuriste-livry-gargan.fr\/wp-content\/uploads\/2025\/03\/IMG_3687.jpeg","datePublished":"2025-03-25T10:14:43+00:00","dateModified":"2025-03-26T09:47:51+00:00","breadcrumb":{"@id":"https:\/\/fleuriste-livry-gargan.fr\/?product=couronne-deuil-rouge#breadcrumb"},"inLanguage":"fr-FR","potentialAction":[{"@type":"ReadAction","target":["https:\/\/fleuriste-livry-gargan.fr\/?product=couronne-deuil-rouge"]}]},{"@type":"ImageObject","inLanguage":"fr-FR","@id":"https:\/\/fleuriste-livry-gargan.fr\/?product=couronne-deuil-rouge#primaryimage","url":"https:\/\/fleuriste-livry-gargan.fr\/wp-content\/uploads\/2025\/03\/IMG_3687.jpeg","contentUrl":"https:\/\/fleuriste-livry-gargan.fr\/wp-content\/uploads\/2025\/03\/IMG_3687.jpeg","width":1820,"height":2128},{"@type":"BreadcrumbList","@id":"https:\/\/fleuriste-livry-gargan.fr\/?product=couronne-deuil-rouge#breadcrumb","itemListElement":[{"@type":"ListItem","position":1,"name":"Accueil","item":"https:\/\/fleuriste-livry-gargan.fr\/"},{"@type":"ListItem","position":2,"name":"Boutique","item":"https:\/\/fleuriste-livry-gargan.fr\/?page_id=8"},{"@type":"ListItem","position":3,"name":"Couronne Deuil Rouge"}]},{"@type":"WebSite","@id":"https:\/\/fleuriste-livry-gargan.fr\/#website","url":"https:\/\/fleuriste-livry-gargan.fr\/","name":"Fleurs de mai 8","description":"","potentialAction":[{"@type":"SearchAction","target":{"@type":"EntryPoint","urlTemplate":"https:\/\/fleuriste-livry-gargan.fr\/?s={search_term_string}"},"query-input":{"@type":"PropertyValueSpecification","valueRequired":true,"valueName":"search_term_string"}}],"inLanguage":"fr-FR"}]}},"jetpack_sharing_enabled":true,"_links":{"self":[{"href":"https:\/\/fleuriste-livry-gargan.fr\/index.php?rest_route=\/wp\/v2\/product\/1649","targetHints":{"allow":["GET"]}}],"collection":[{"href":"https:\/\/fleuriste-livry-gargan.fr\/index.php?rest_route=\/wp\/v2\/product"}],"about":[{"href":"https:\/\/fleuriste-livry-gargan.fr\/index.php?rest_route=\/wp\/v2\/types\/product"}],"wp:featuredmedia":[{"embeddable":true,"href":"https:\/\/fleuriste-livry-gargan.fr\/index.php?rest_route=\/wp\/v2\/media\/1597"}],"wp:attachment":[{"href":"https:\/\/fleuriste-livry-gargan.fr\/index.php?rest_route=%2Fwp%2Fv2%2Fmedia&parent=1649"}],"wp:term":[{"taxonomy":"product_brand","embeddable":true,"href":"https:\/\/fleuriste-livry-gargan.fr\/index.php?rest_route=%2Fwp%2Fv2%2Fproduct_brand&post=1649"},{"taxonomy":"product_cat","embeddable":true,"href":"https:\/\/fleuriste-livry-gargan.fr\/index.php?rest_route=%2Fwp%2Fv2%2Fproduct_cat&post=1649"},{"taxonomy":"product_tag","embeddable":true,"href":"https:\/\/fleuriste-livry-gargan.fr\/index.php?rest_route=%2Fwp%2Fv2%2Fproduct_tag&post=1649"}],"curies":[{"name":"wp","href":"https:\/\/api.w.org\/{rel}","templated":true}]}}