{"id":1715,"date":"2025-03-29T19:21:37","date_gmt":"2025-03-29T17:21:37","guid":{"rendered":"https:\/\/fleuriste-livry-gargan.fr\/?post_type=product&#038;p=1715"},"modified":"2025-03-29T19:24:23","modified_gmt":"2025-03-29T17:24:23","slug":"gerbe-a-la-main","status":"publish","type":"product","link":"https:\/\/fleuriste-livry-gargan.fr\/?product=gerbe-a-la-main","title":{"rendered":"Gerbe \u00e0 la main"},"content":{"rendered":"<p>Une gerbe \u00e0 la main est un hommage \u00e9l\u00e9gant et respectueux, symbolisant \u00e0 la fois la dignit\u00e9 et le lien pr\u00e9cieux avec la personne disparue. Son design soign\u00e9 et ses fleurs personnalis\u00e9es apportent une touche de s\u00e9r\u00e9nit\u00e9 et de beaut\u00e9 lors de la c\u00e9r\u00e9monie, tout en exprimant votre soutien sinc\u00e8re dans ce moment difficile.<\/p>\n<p>Rappels \uff1a tout nos bouquets et compositions sont faites avec des fleurs de saison , les photos ne sont donc pas toujours contractuelle.<\/p>\n","protected":false},"excerpt":{"rendered":"<p>Une gerbe \u00e0 la main est un hommage \u00e9l\u00e9gant et respectueux, symbolisant \u00e0 la fois la dignit\u00e9 et le lien pr\u00e9cieux avec la personne disparue. Son design soign\u00e9 et ses fleurs personnalis\u00e9es apportent une touche de s\u00e9r\u00e9nit\u00e9 et de beaut\u00e9 lors de la c\u00e9r\u00e9monie, tout en exprimant votre soutien sinc\u00e8re dans ce moment difficile. Rappels [&hellip;]<\/p>\n","protected":false},"featured_media":1716,"template":"","meta":[],"product_brand":[],"product_cat":[28],"product_tag":[],"class_list":{"0":"post-1715","1":"product","2":"type-product","3":"status-publish","4":"has-post-thumbnail","6":"product_cat-deuil","8":"first","9":"instock","10":"taxable","11":"shipping-taxable","12":"purchasable","13":"product-type-variable"},"yoast_head":"<!-- This site is optimized with the Yoast SEO plugin v27.2 - https:\/\/yoast.com\/product\/yoast-seo-wordpress\/ -->\n<title>Gerbe \u00e0 la main - Fleurs de mai 8<\/title>\n<meta name=\"robots\" content=\"index, follow, max-snippet:-1, max-image-preview:large, max-video-preview:-1\" \/>\n<link rel=\"canonical\" href=\"https:\/\/fleuriste-livry-gargan.fr\/?product=gerbe-a-la-main\" \/>\n<meta property=\"og:locale\" content=\"fr_FR\" \/>\n<meta property=\"og:type\" content=\"article\" \/>\n<meta property=\"og:title\" content=\"Gerbe \u00e0 la main - Fleurs de mai 8\" \/>\n<meta property=\"og:description\" content=\"Une gerbe \u00e0 la main est un hommage \u00e9l\u00e9gant et respectueux, symbolisant \u00e0 la fois la dignit\u00e9 et le lien pr\u00e9cieux avec la personne disparue. Son design soign\u00e9 et ses fleurs personnalis\u00e9es apportent une touche de s\u00e9r\u00e9nit\u00e9 et de beaut\u00e9 lors de la c\u00e9r\u00e9monie, tout en exprimant votre soutien sinc\u00e8re dans ce moment difficile. Rappels [&hellip;]\" \/>\n<meta property=\"og:url\" content=\"https:\/\/fleuriste-livry-gargan.fr\/?product=gerbe-a-la-main\" \/>\n<meta property=\"og:site_name\" content=\"Fleurs de mai 8\" \/>\n<meta property=\"article:modified_time\" content=\"2025-03-29T17:24:23+00:00\" \/>\n<meta property=\"og:image\" content=\"https:\/\/fleuriste-livry-gargan.fr\/wp-content\/uploads\/2025\/03\/IMG_6538-scaled-e1743268584791.jpeg\" \/>\n\t<meta property=\"og:image:width\" content=\"1664\" \/>\n\t<meta property=\"og:image:height\" content=\"2086\" \/>\n\t<meta property=\"og:image:type\" content=\"image\/jpeg\" \/>\n<meta name=\"twitter:card\" content=\"summary_large_image\" \/>\n<script type=\"application\/ld+json\" class=\"yoast-schema-graph\">{\"@context\":\"https:\/\/schema.org\",\"@graph\":[{\"@type\":\"WebPage\",\"@id\":\"https:\/\/fleuriste-livry-gargan.fr\/?product=gerbe-a-la-main\",\"url\":\"https:\/\/fleuriste-livry-gargan.fr\/?product=gerbe-a-la-main\",\"name\":\"Gerbe \u00e0 la main - Fleurs de mai 8\",\"isPartOf\":{\"@id\":\"https:\/\/fleuriste-livry-gargan.fr\/#website\"},\"primaryImageOfPage\":{\"@id\":\"https:\/\/fleuriste-livry-gargan.fr\/?product=gerbe-a-la-main#primaryimage\"},\"image\":{\"@id\":\"https:\/\/fleuriste-livry-gargan.fr\/?product=gerbe-a-la-main#primaryimage\"},\"thumbnailUrl\":\"https:\/\/fleuriste-livry-gargan.fr\/wp-content\/uploads\/2025\/03\/IMG_6538-scaled-e1743268584791.jpeg\",\"datePublished\":\"2025-03-29T17:21:37+00:00\",\"dateModified\":\"2025-03-29T17:24:23+00:00\",\"breadcrumb\":{\"@id\":\"https:\/\/fleuriste-livry-gargan.fr\/?product=gerbe-a-la-main#breadcrumb\"},\"inLanguage\":\"fr-FR\",\"potentialAction\":[{\"@type\":\"ReadAction\",\"target\":[\"https:\/\/fleuriste-livry-gargan.fr\/?product=gerbe-a-la-main\"]}]},{\"@type\":\"ImageObject\",\"inLanguage\":\"fr-FR\",\"@id\":\"https:\/\/fleuriste-livry-gargan.fr\/?product=gerbe-a-la-main#primaryimage\",\"url\":\"https:\/\/fleuriste-livry-gargan.fr\/wp-content\/uploads\/2025\/03\/IMG_6538-scaled-e1743268584791.jpeg\",\"contentUrl\":\"https:\/\/fleuriste-livry-gargan.fr\/wp-content\/uploads\/2025\/03\/IMG_6538-scaled-e1743268584791.jpeg\",\"width\":1664,\"height\":2086},{\"@type\":\"BreadcrumbList\",\"@id\":\"https:\/\/fleuriste-livry-gargan.fr\/?product=gerbe-a-la-main#breadcrumb\",\"itemListElement\":[{\"@type\":\"ListItem\",\"position\":1,\"name\":\"Accueil\",\"item\":\"https:\/\/fleuriste-livry-gargan.fr\/\"},{\"@type\":\"ListItem\",\"position\":2,\"name\":\"Boutique\",\"item\":\"https:\/\/fleuriste-livry-gargan.fr\/?page_id=8\"},{\"@type\":\"ListItem\",\"position\":3,\"name\":\"Gerbe \u00e0 la main\"}]},{\"@type\":\"WebSite\",\"@id\":\"https:\/\/fleuriste-livry-gargan.fr\/#website\",\"url\":\"https:\/\/fleuriste-livry-gargan.fr\/\",\"name\":\"Fleurs de mai 8\",\"description\":\"\",\"potentialAction\":[{\"@type\":\"SearchAction\",\"target\":{\"@type\":\"EntryPoint\",\"urlTemplate\":\"https:\/\/fleuriste-livry-gargan.fr\/?s={search_term_string}\"},\"query-input\":{\"@type\":\"PropertyValueSpecification\",\"valueRequired\":true,\"valueName\":\"search_term_string\"}}],\"inLanguage\":\"fr-FR\"}]}<\/script>\n<!-- \/ Yoast SEO plugin. -->","yoast_head_json":{"title":"Gerbe \u00e0 la main - Fleurs de mai 8","robots":{"index":"index","follow":"follow","max-snippet":"max-snippet:-1","max-image-preview":"max-image-preview:large","max-video-preview":"max-video-preview:-1"},"canonical":"https:\/\/fleuriste-livry-gargan.fr\/?product=gerbe-a-la-main","og_locale":"fr_FR","og_type":"article","og_title":"Gerbe \u00e0 la main - Fleurs de mai 8","og_description":"Une gerbe \u00e0 la main est un hommage \u00e9l\u00e9gant et respectueux, symbolisant \u00e0 la fois la dignit\u00e9 et le lien pr\u00e9cieux avec la personne disparue. Son design soign\u00e9 et ses fleurs personnalis\u00e9es apportent une touche de s\u00e9r\u00e9nit\u00e9 et de beaut\u00e9 lors de la c\u00e9r\u00e9monie, tout en exprimant votre soutien sinc\u00e8re dans ce moment difficile. Rappels [&hellip;]","og_url":"https:\/\/fleuriste-livry-gargan.fr\/?product=gerbe-a-la-main","og_site_name":"Fleurs de mai 8","article_modified_time":"2025-03-29T17:24:23+00:00","og_image":[{"width":1664,"height":2086,"url":"https:\/\/fleuriste-livry-gargan.fr\/wp-content\/uploads\/2025\/03\/IMG_6538-scaled-e1743268584791.jpeg","type":"image\/jpeg"}],"twitter_card":"summary_large_image","schema":{"@context":"https:\/\/schema.org","@graph":[{"@type":"WebPage","@id":"https:\/\/fleuriste-livry-gargan.fr\/?product=gerbe-a-la-main","url":"https:\/\/fleuriste-livry-gargan.fr\/?product=gerbe-a-la-main","name":"Gerbe \u00e0 la main - Fleurs de mai 8","isPartOf":{"@id":"https:\/\/fleuriste-livry-gargan.fr\/#website"},"primaryImageOfPage":{"@id":"https:\/\/fleuriste-livry-gargan.fr\/?product=gerbe-a-la-main#primaryimage"},"image":{"@id":"https:\/\/fleuriste-livry-gargan.fr\/?product=gerbe-a-la-main#primaryimage"},"thumbnailUrl":"https:\/\/fleuriste-livry-gargan.fr\/wp-content\/uploads\/2025\/03\/IMG_6538-scaled-e1743268584791.jpeg","datePublished":"2025-03-29T17:21:37+00:00","dateModified":"2025-03-29T17:24:23+00:00","breadcrumb":{"@id":"https:\/\/fleuriste-livry-gargan.fr\/?product=gerbe-a-la-main#breadcrumb"},"inLanguage":"fr-FR","potentialAction":[{"@type":"ReadAction","target":["https:\/\/fleuriste-livry-gargan.fr\/?product=gerbe-a-la-main"]}]},{"@type":"ImageObject","inLanguage":"fr-FR","@id":"https:\/\/fleuriste-livry-gargan.fr\/?product=gerbe-a-la-main#primaryimage","url":"https:\/\/fleuriste-livry-gargan.fr\/wp-content\/uploads\/2025\/03\/IMG_6538-scaled-e1743268584791.jpeg","contentUrl":"https:\/\/fleuriste-livry-gargan.fr\/wp-content\/uploads\/2025\/03\/IMG_6538-scaled-e1743268584791.jpeg","width":1664,"height":2086},{"@type":"BreadcrumbList","@id":"https:\/\/fleuriste-livry-gargan.fr\/?product=gerbe-a-la-main#breadcrumb","itemListElement":[{"@type":"ListItem","position":1,"name":"Accueil","item":"https:\/\/fleuriste-livry-gargan.fr\/"},{"@type":"ListItem","position":2,"name":"Boutique","item":"https:\/\/fleuriste-livry-gargan.fr\/?page_id=8"},{"@type":"ListItem","position":3,"name":"Gerbe \u00e0 la main"}]},{"@type":"WebSite","@id":"https:\/\/fleuriste-livry-gargan.fr\/#website","url":"https:\/\/fleuriste-livry-gargan.fr\/","name":"Fleurs de mai 8","description":"","potentialAction":[{"@type":"SearchAction","target":{"@type":"EntryPoint","urlTemplate":"https:\/\/fleuriste-livry-gargan.fr\/?s={search_term_string}"},"query-input":{"@type":"PropertyValueSpecification","valueRequired":true,"valueName":"search_term_string"}}],"inLanguage":"fr-FR"}]}},"jetpack_sharing_enabled":true,"_links":{"self":[{"href":"https:\/\/fleuriste-livry-gargan.fr\/index.php?rest_route=\/wp\/v2\/product\/1715","targetHints":{"allow":["GET"]}}],"collection":[{"href":"https:\/\/fleuriste-livry-gargan.fr\/index.php?rest_route=\/wp\/v2\/product"}],"about":[{"href":"https:\/\/fleuriste-livry-gargan.fr\/index.php?rest_route=\/wp\/v2\/types\/product"}],"wp:featuredmedia":[{"embeddable":true,"href":"https:\/\/fleuriste-livry-gargan.fr\/index.php?rest_route=\/wp\/v2\/media\/1716"}],"wp:attachment":[{"href":"https:\/\/fleuriste-livry-gargan.fr\/index.php?rest_route=%2Fwp%2Fv2%2Fmedia&parent=1715"}],"wp:term":[{"taxonomy":"product_brand","embeddable":true,"href":"https:\/\/fleuriste-livry-gargan.fr\/index.php?rest_route=%2Fwp%2Fv2%2Fproduct_brand&post=1715"},{"taxonomy":"product_cat","embeddable":true,"href":"https:\/\/fleuriste-livry-gargan.fr\/index.php?rest_route=%2Fwp%2Fv2%2Fproduct_cat&post=1715"},{"taxonomy":"product_tag","embeddable":true,"href":"https:\/\/fleuriste-livry-gargan.fr\/index.php?rest_route=%2Fwp%2Fv2%2Fproduct_tag&post=1715"}],"curies":[{"name":"wp","href":"https:\/\/api.w.org\/{rel}","templated":true}]}}